{"id":65,"date":"2017-03-31T14:40:57","date_gmt":"2017-03-31T14:40:57","guid":{"rendered":"http:\/\/enerwat.utad.pt\/?page_id=65"},"modified":"2018-12-27T16:17:37","modified_gmt":"2018-12-27T16:17:37","slug":"publications","status":"publish","type":"page","link":"https:\/\/enerwat.utad.pt\/?page_id=65","title":{"rendered":"Publications"},"content":{"rendered":"<h2><strong>Thesis<\/strong><\/h2>\n\n<!-- Generated using Document Gallery. Get yours here: http:\/\/wordpress.org\/extend\/plugins\/document-gallery -->\n<div id=\"document-gallery-1\" class=\"document-gallery\" data-shortcode='{\"id\":65,\"include\":\"241\",\"exclude\":\"\",\"columns\":4,\"descriptions\":true,\"fancy\":true,\"order\":\"ASC\",\"orderby\":\"post__in\",\"relation\":\"AND\",\"limit\":-1,\"mime_types\":\"application,video,text,audio,image\",\"new_window\":true,\"paginate\":true,\"post_status\":\"any\",\"post_type\":\"attachment\",\"attachment_pg\":false,\"skip\":0}'>\n<div class='document-icon-row descriptions'>\n   <div class=\"document-icon\">\n      <a href=\"https:\/\/enerwat.utad.pt\/wp-content\/uploads\/2017\/03\/Disserta\u00e7\u00e3o-.pdf\" target=\"_blank\">\n         <img src=\"http:\/\/enerwat.utad.pt\/wp-content\/uploads\/2017\/03\/Disserta\u00e7\u00e3o-thumb.png\" title=\"Master Thesis\" alt=\"Master Thesis\" data-ext=\"pdf\"\/>\n         <span class=\"title\">Master Thesis<\/span>\n      <\/a>\n   <\/div>\n   <p><u>Diana Faria \/ Master Thesis<\/u>\n<br>\n<em>Estudo da rela\u00e7\u00e3o entre o consumo de \u00e1gua ao n\u00edvel do utilizador final<\/em><\/p>\n<\/div>\n<\/div>\n<h2><strong>Papers in International Journals<\/strong><\/h2>\n\n<!-- Generated using Document Gallery. Get yours here: http:\/\/wordpress.org\/extend\/plugins\/document-gallery -->\n<div id=\"document-gallery-2\" class=\"document-gallery\" data-shortcode='{\"id\":65,\"include\":\"547,548,546,242\",\"exclude\":\"\",\"columns\":4,\"descriptions\":true,\"fancy\":true,\"order\":\"ASC\",\"orderby\":\"post__in\",\"relation\":\"AND\",\"limit\":-1,\"mime_types\":\"application,video,text,audio,image\",\"new_window\":true,\"paginate\":true,\"post_status\":\"any\",\"post_type\":\"attachment\",\"attachment_pg\":false,\"skip\":0}'>\n<div class='document-icon-row descriptions'>\n   <div class=\"document-icon\">\n      <a href=\"https:\/\/enerwat.utad.pt\/wp-content\/uploads\/2018\/10\/science15.Which-are-the-factors-that-may-explain-the-differences-in-water-and.pdf\" target=\"_blank\">\n         <img src=\"http:\/\/enerwat.utad.pt\/wp-content\/uploads\/2018\/10\/science15-Which-are-the-factors-that-may-explain-the-differences-in-water-and-thumb.png\" title=\"Science-paper1\" alt=\"Science-paper1\" data-ext=\"pdf\"\/>\n         <span class=\"title\">Science-paper1<\/span>\n      <\/a>\n   <\/div>\n   <p><u>Science of the Total Environment<\/u>\n<br>\n<em>Which are the factors that may explain the differences in water and\nenergy consumptions in urban and rural environments?<\/em><\/p>\n<\/div>\n<div class='document-icon-row descriptions'>\n   <div class=\"document-icon\">\n      <a href=\"https:\/\/enerwat.utad.pt\/wp-content\/uploads\/2018\/10\/science14.From-water-to-energy-low-cost-water-energy-consumptions.pdf\" target=\"_blank\">\n         <img src=\"http:\/\/enerwat.utad.pt\/wp-content\/uploads\/2018\/10\/science14-From-water-to-energy-low-cost-water-energy-consumptions-thumb.png\" title=\"CENTERIS-paper1\" alt=\"CENTERIS-paper1\" data-ext=\"pdf\"\/>\n         <span class=\"title\">CENTERIS-paper1<\/span>\n      <\/a>\n   <\/div>\n   <p><u>CENTERIS &#8211; International Conference on ENTERprise Information Systems \/ ProjMAN &#8211;\nInternational Conference on Project MANagement \/ HCist &#8211; International Conference on Health and Social Care Information Systems and Technologies, CENTERIS \/ ProjMAN \/ HCist 2017, 8-10\nNovember 2017, Barcelona, Spain<\/u>\n<\/br>\n<em>From water to energy: low cost water &#038; energy consumptions readings<\/em><\/p>\n<\/div>\n<div class='document-icon-row descriptions'>\n   <div class=\"document-icon\">\n      <a href=\"https:\/\/enerwat.utad.pt\/wp-content\/uploads\/2018\/10\/science16.Energy-consumption-CO2-emissions-and-costs-related-to-baths-water.pdf\" target=\"_blank\">\n         <img src=\"http:\/\/enerwat.utad.pt\/wp-content\/uploads\/2018\/10\/science16-Energy-consumption-CO2-emissions-and-costs-related-to-baths-water-thumb.png\" title=\"Science-paper2\" alt=\"Science-paper2\" data-ext=\"pdf\"\/>\n         <span class=\"title\">Science-paper2<\/span>\n      <\/a>\n   <\/div>\n   <p><u>Science of the Total Environment<\/u>\n<br><em>Energy consumption, CO2 emissions and costs related to baths water consumption depending on the temperature and the use of flow reducing valves<\/em><\/p>\n<\/div>\n<div class='document-icon-row descriptions'>\n   <div class=\"document-icon\">\n      <a href=\"https:\/\/enerwat.utad.pt\/wp-content\/uploads\/2017\/03\/science12.pdf\" target=\"_blank\">\n         <img src=\"http:\/\/enerwat.utad.pt\/wp-content\/uploads\/2017\/03\/science12-thumb.png\" title=\"Science-paper3\" alt=\"Science-paper3\" data-ext=\"pdf\"\/>\n         <span class=\"title\">Science-paper3<\/span>\n      <\/a>\n   <\/div>\n   <p><u>Science of the Total Environment<\/u>\n<br>\n<em>In situ evaluation of water and energy consumptions at the end use level: The influence of flow reducers and temperature in baths<\/em><\/p>\n<\/div>\n<\/div>\n<h2><strong>Papers in International Conferences<\/strong><\/h2>\n\n<!-- Generated using Document Gallery. Get yours here: http:\/\/wordpress.org\/extend\/plugins\/document-gallery -->\n<div id=\"document-gallery-3\" class=\"document-gallery\" data-shortcode='{\"id\":65,\"include\":\"407,405,767,757,758,759,760\",\"exclude\":\"\",\"columns\":4,\"descriptions\":true,\"fancy\":true,\"order\":\"ASC\",\"orderby\":\"post__in\",\"relation\":\"AND\",\"limit\":-1,\"mime_types\":\"application,video,text,audio,image\",\"new_window\":true,\"paginate\":true,\"post_status\":\"any\",\"post_type\":\"attachment\",\"attachment_pg\":false,\"skip\":0}'>\n<div class='document-icon-row descriptions'>\n   <div class=\"document-icon\">\n      <a href=\"https:\/\/enerwat.utad.pt\/wp-content\/uploads\/2017\/10\/Artigo1ComCapa.pdf\" target=\"_blank\">\n         <img src=\"http:\/\/enerwat.utad.pt\/wp-content\/uploads\/2017\/10\/Artigo1ComCapa-thumb.png\" title=\"CIIEM7-Paper1\" alt=\"CIIEM7-Paper1\" data-ext=\"pdf\"\/>\n         <span class=\"title\">CIIEM7-Paper1<\/span>\n      <\/a>\n   <\/div>\n   <p><u>7 th International Congress on Energy and Environment Engineering and management (CIIEM7) 17-19 July 2017, Canary Islands, SPAIN<\/u>\n<br><em>Energy to Water nexus: trying to understand the differences between urban and rural\nhouseholds consumptions<\/em><\/p>\n<\/div>\n<div class='document-icon-row descriptions'>\n   <div class=\"document-icon\">\n      <a href=\"https:\/\/enerwat.utad.pt\/wp-content\/uploads\/2017\/10\/Artigo2ComCapa.pdf\" target=\"_blank\">\n         <img src=\"http:\/\/enerwat.utad.pt\/wp-content\/uploads\/2017\/10\/Artigo2ComCapa-thumb.png\" title=\"CIIEM7-Paper2\" alt=\"CIIEM7-Paper2\" data-ext=\"pdf\"\/>\n         <span class=\"title\">CIIEM7-Paper2<\/span>\n      <\/a>\n   <\/div>\n   <p><u>7 th International Congress on Energy and Environment Engineering and management (CIIEM7) 17-19 July 2017, Canary Islands, SPAIN<\/u>\n<br><em>From water to energy: Methodology to characterize, model and measure the reduction of urban and rural domestic consumptions<\/em><\/p>\n<\/div>\n<div class='document-icon-row descriptions'>\n   <div class=\"document-icon\">\n      <a href=\"https:\/\/enerwat.utad.pt\/wp-content\/uploads\/2018\/12\/Word_Poster_A.ManuelaGon\u00e7alves1.pdf\" target=\"_blank\">\n         <img src=\"http:\/\/enerwat.utad.pt\/wp-content\/uploads\/2018\/12\/Word_Poster_A-ManuelaGon\u00e7alves1-thumb.png\" title=\"V WCDANM\" alt=\"V WCDANM\" data-ext=\"pdf\"\/>\n         <span class=\"title\">V WCDANM<\/span>\n      <\/a>\n   <\/div>\n   <p><u>V Workshop on Computational Data Analysis and Numerical Methods, ESTG, Instituto Polit\u00e9cnico do Porto, Portugal, 11-12 May, 2018 <\/u>\n<br><em>Determinants of Domestic Water Consumption: A Case Study in Northern Portugal <em><\/p>\n<\/div>\n<div class='document-icon-row descriptions'>\n   <div class=\"document-icon\">\n      <a href=\"https:\/\/enerwat.utad.pt\/wp-content\/uploads\/2018\/12\/ENERGY1.pdf\" target=\"_blank\">\n         <img src=\"http:\/\/enerwat.utad.pt\/wp-content\/uploads\/2018\/12\/ENERGY1-thumb.png\" title=\"CIBW062 paper 01\" alt=\"CIBW062 paper 01\" data-ext=\"pdf\"\/>\n         <span class=\"title\">CIBW062 paper 01<\/span>\n      <\/a>\n   <\/div>\n   <p><u>Procedings of 44th CIB W062 Symposium &#8211; Water Supply and Drainage for Buildings, ISBN: 978-989-97476-2-3, pp. 208-2016,  28 a 30 de agosto de 2018, ANQUIP, LREC, CIB, W062, Ponta Delgada, A\u00e7ores, Portugal. <\/u>\n<br><em>Energy to water nexus in domestic consumptions <em><\/p>\n<\/div>\n<div class='document-icon-row descriptions'>\n   <div class=\"document-icon\">\n      <a href=\"https:\/\/enerwat.utad.pt\/wp-content\/uploads\/2018\/12\/EXPERI1.pdf\" target=\"_blank\">\n         <img src=\"http:\/\/enerwat.utad.pt\/wp-content\/uploads\/2018\/12\/EXPERI1-thumb.png\" title=\"CIBW062 paper 02\" alt=\"CIBW062 paper 02\" data-ext=\"pdf\"\/>\n         <span class=\"title\">CIBW062 paper 02<\/span>\n      <\/a>\n   <\/div>\n   <p><u>44th CIB W062 Symposium &#8211; Water Supply and Drainage for Buildings\u201d, 28 a 30 de agosto de 2018, Ponta Delgada, A\u00e7ores, Portugal. <\/u>\n<br><em>Experimental analysis on energy and water consumptions at the domestic end use level: the particular case of baths<em><\/p>\n<\/div>\n<div class='document-icon-row descriptions'>\n   <div class=\"document-icon\">\n      <a href=\"https:\/\/enerwat.utad.pt\/wp-content\/uploads\/2018\/12\/8.matos_.pdf\" target=\"_blank\">\n         <img src=\"http:\/\/enerwat.utad.pt\/wp-content\/uploads\/2018\/12\/8-matos_-thumb.png\" title=\"Watefcon paper 01\" alt=\"Watefcon paper 01\" data-ext=\"pdf\"\/>\n         <span class=\"title\">Watefcon paper 01<\/span>\n      <\/a>\n   <\/div>\n   <p><u> Silva-Afonso, A and Rodrigues-Pimental, C. (Eds.), Proceedings of the Water Efficiency Conference 2018, 5-7 September, Aveiro PORTUGAL: WATEF Network\/University of Bath, pp. 305-311, ISBN-13: 978-0-86197-198-5. ISBN-10: 0-86197-198-1 <\/u>\n<br><em> ENERWAT PROJECT: some preliminary results <em><\/p>\n<\/div>\n<div class='document-icon-row descriptions'>\n   <div class=\"document-icon\">\n      <a href=\"https:\/\/enerwat.utad.pt\/wp-content\/uploads\/2018\/12\/7cunha.pdf\" target=\"_blank\">\n         <img src=\"http:\/\/enerwat.utad.pt\/wp-content\/uploads\/2018\/12\/7cunha-thumb.png\" title=\"Watefcon paper 02\" alt=\"Watefcon paper 02\" data-ext=\"pdf\"\/>\n         <span class=\"title\">Watefcon paper 02<\/span>\n      <\/a>\n   <\/div>\n   <p><u>Silva-Afonso, A and Rodrigues-Pimental, C. (Eds.), Proceedings of the Water Efficiency Conference 2018, 5-7 September, Aveiro PORTUGAL: WATEF Network\/University of Bath, pp. 285-294, ISBN-13: 978-0-86197-198-5. ISBN-10: 0-86197-198-1 <\/u>\n<br><em> WATERS: A system architecture for acquire dwellings water &#038; energy consumptions <em><\/p>\n<\/div>\n<\/div>\n<h2><strong>Papers in National Journals<\/strong><\/h2>\n\n<!-- Generated using Document Gallery. Get yours here: http:\/\/wordpress.org\/extend\/plugins\/document-gallery -->\n<div id=\"document-gallery-4\" class=\"document-gallery\" data-shortcode='{\"id\":65,\"include\":\"756\",\"exclude\":\"\",\"columns\":4,\"descriptions\":true,\"fancy\":true,\"order\":\"ASC\",\"orderby\":\"post__in\",\"relation\":\"AND\",\"limit\":-1,\"mime_types\":\"application,video,text,audio,image\",\"new_window\":true,\"paginate\":true,\"post_status\":\"any\",\"post_type\":\"attachment\",\"attachment_pg\":false,\"skip\":0}'>\n<div class='document-icon-row descriptions'>\n   <div class=\"document-icon\">\n      <a href=\"https:\/\/enerwat.utad.pt\/wp-content\/uploads\/2018\/12\/industria-e-ambiente.pdf\" target=\"_blank\">\n         <img src=\"http:\/\/enerwat.utad.pt\/wp-content\/uploads\/2018\/12\/industria-e-ambiente-thumb.png\" title=\"industria e ambiente\" alt=\"industria e ambiente\" data-ext=\"pdf\"\/>\n         <span class=\"title\">industria e ambiente<\/span>\n      <\/a>\n   <\/div>\n   <p><u>Revista Ind\u00fastria e Ambiente, n\u00ba 108, Janeiro\/Fevereiro 2018, ISSN 1645-1783 <\/u>\n<em>O projeto ENERWAT \u2013 Da \u00e1gua \u00e0 energia: Caracteriza\u00e7\u00e3o, modela\u00e7\u00e3o e medidas para a diminui\u00e7\u00e3o de consumos dom\u00e9sticos urbanos e rurais <em><\/p>\n<\/div>\n<\/div>\n<h2><strong>Posters<\/strong><\/h2>\n\n<!-- Generated using Document Gallery. Get yours here: http:\/\/wordpress.org\/extend\/plugins\/document-gallery -->\n<div id=\"document-gallery-5\" class=\"document-gallery\" data-shortcode='{\"id\":65,\"include\":\"771,768,673\",\"exclude\":\"\",\"columns\":4,\"descriptions\":true,\"fancy\":true,\"order\":\"ASC\",\"orderby\":\"post__in\",\"relation\":\"AND\",\"limit\":-1,\"mime_types\":\"application,video,text,audio,image\",\"new_window\":true,\"paginate\":true,\"post_status\":\"any\",\"post_type\":\"attachment\",\"attachment_pg\":false,\"skip\":0}'>\n<div class='document-icon-row descriptions'>\n   <div class=\"document-icon\">\n      <a href=\"https:\/\/enerwat.utad.pt\/wp-content\/uploads\/2018\/12\/Poster_Joclad18_Diana.pdf\" target=\"_blank\">\n         <img src=\"http:\/\/enerwat.utad.pt\/wp-content\/uploads\/2018\/12\/Poster_Joclad18_Diana-thumb.png\" title=\"Poster_Joclad18_Diana\" alt=\"Poster_Joclad18_Diana\" data-ext=\"pdf\"\/>\n         <span class=\"title\">Poster_Joclad18_Diana<\/span>\n      <\/a>\n   <\/div>\n   <p><em>Metodologia estat\u00edstica na caracteriza\u00e7\u00e3o do consumo dom\u00e9stico de \u00e1gua <\/em><\/p>\n<\/div>\n<div class='document-icon-row descriptions'>\n   <div class=\"document-icon\">\n      <a href=\"https:\/\/enerwat.utad.pt\/wp-content\/uploads\/2018\/12\/Poster_WWCDANM_UTADREVISTO-1.pdf\" target=\"_blank\">\n         <img src=\"http:\/\/enerwat.utad.pt\/wp-content\/uploads\/2018\/12\/Poster_WWCDANM_UTADREVISTO-1-thumb.png\" title=\"Poster V WCDANM\" alt=\"Poster V WCDANM\" data-ext=\"pdf\"\/>\n         <span class=\"title\">Poster V WCDANM<\/span>\n      <\/a>\n   <\/div>\n   <p><em>Determinants of Domestic Water Consumption: A Case Study in Northern Portugal <\/em><\/p>\n<\/div>\n<div class='document-icon-row descriptions'>\n   <div class=\"document-icon\">\n      <a href=\"https:\/\/enerwat.utad.pt\/wp-content\/uploads\/2018\/10\/Briga-Sa-et-al_Poster_CIB-acores-2018_VF.pdf\" target=\"_blank\">\n         <img src=\"http:\/\/enerwat.utad.pt\/wp-content\/uploads\/2018\/10\/Briga-Sa-et-al_Poster_CIB-acores-2018_VF-thumb.png\" title=\"Poster1\" alt=\"Poster1\" data-ext=\"pdf\"\/>\n         <span class=\"title\">Poster1<\/span>\n      <\/a>\n   <\/div>\n   <p><em>Experimental analysis on energy and water consumptions\nat the domestic end use level: the particular case of showers<\/em><\/p>\n<\/div>\n<\/div>\n","protected":false},"excerpt":{"rendered":"<p>Thesis Papers in International Journals Papers in International Conferences Papers in National Journals Posters<\/p>\n","protected":false},"author":1,"featured_media":0,"parent":0,"menu_order":0,"comment_status":"closed","ping_status":"closed","template":"","meta":[],"_links":{"self":[{"href":"https:\/\/enerwat.utad.pt\/index.php?rest_route=\/wp\/v2\/pages\/65"}],"collection":[{"href":"https:\/\/enerwat.utad.pt\/index.php?rest_route=\/wp\/v2\/pages"}],"about":[{"href":"https:\/\/enerwat.utad.pt\/index.php?rest_route=\/wp\/v2\/types\/page"}],"author":[{"embeddable":true,"href":"https:\/\/enerwat.utad.pt\/index.php?rest_route=\/wp\/v2\/users\/1"}],"replies":[{"embeddable":true,"href":"https:\/\/enerwat.utad.pt\/index.php?rest_route=%2Fwp%2Fv2%2Fcomments&post=65"}],"version-history":[{"count":54,"href":"https:\/\/enerwat.utad.pt\/index.php?rest_route=\/wp\/v2\/pages\/65\/revisions"}],"predecessor-version":[{"id":772,"href":"https:\/\/enerwat.utad.pt\/index.php?rest_route=\/wp\/v2\/pages\/65\/revisions\/772"}],"wp:attachment":[{"href":"https:\/\/enerwat.utad.pt\/index.php?rest_route=%2Fwp%2Fv2%2Fmedia&parent=65"}],"curies":[{"name":"wp","href":"https:\/\/api.w.org\/{rel}","templated":true}]}}